{"id":2931,"date":"2022-07-08T10:55:12","date_gmt":"2022-07-08T09:55:12","guid":{"rendered":"https:\/\/friportsur.com\/dernieres-nouvelles\/"},"modified":"2023-02-03T18:53:57","modified_gmt":"2023-02-03T17:53:57","slug":"dernieres-nouvelles","status":"publish","type":"page","link":"https:\/\/friportsur.com\/fr\/dernieres-nouvelles\/","title":{"rendered":"DERNI\u00c8RES NOUVELLES"},"content":{"rendered":"<p>[vc_row css=&#8221;.vc_custom_1671190277982{margin-top: 90px !important;}&#8221;][vc_column]<div class=\"preloader\"><div class=\"preloader-spin\"><\/div><\/div><div id=\"thegem-blog-69eb7a23d8c1c2909\" class=\"blog blog-style-3x clearfix blog-style-masonry item-animation-move-up\" data-next-page=\"0\"> <article id=\"post-2944\" class=\"no-image col-lg-4 col-md-4 col-sm-6 col-xs-6 item-animations-not-inited post-2944 post type-post status-publish format-standard category-non-classifiee tag-frigorificos-portuarios-del-sur-fr tag-frio-sostenible-fr tag-friportsur-fr tag-froid tag-hub-logisitico-del-frio-fr tag-inicio-de-obras-fr tag-pose-de-la-premiere-pierre tag-puerto-de-huelva-fr\"> <div class=\"description\"> <div class=\"post-meta-conteiner\"> <div class=\"post-meta-right\"> <\/div> <\/div> <div class=\"post-title\"> <div class=\"entry-title title-h4\"><a href=\"https:\/\/friportsur.com\/fr\/2022\/11\/09\/la-ceremonie-de-pose-de-la-premiere-pierre-de-friportsur-marque-le-debut-des-travaux-de-la-plateforme-logistique-du-froid-dans-le-port-de-huelva\/\" rel=\"bookmark\">09 Nov: <span class=\"light\">La c\u00e9r\u00e9monie de pose de la premi\u00e8re pierre de friportsur marque le d\u00e9but des travaux de la plateforme logistique du froid dans le port de huelva<\/span><\/a><\/div> <\/div> <div class=\"post-text\"> <div class=\"summary\"> <p>[vc_row][vc_column][vc_column_text]09\/11\/2022 FRIPORTSUR INVESTIT 34\u00a0MILLIONS DANS LA PLATEFORME LOGISTIQUE DU FROID DU PORT DE HUELVA AVEC LE SOUTIEN DE LA JUNTE&#8230;<\/p> <\/div> <\/div> <div class=\"info clearfix\"> <div class=\"post-footer-sharing\"><div class=\"gem-button-container gem-button-position-inline thegem-button-69eb7a23db5719955\" ><a class=\"gem-button gem-button-size-tiny gem-button-style-flat gem-button-text-weight-normal gem-button-empty\" data-ll-effect=\"drop-right-without-wrap\" style=\"border-radius: 3px;\" onmouseleave=\"\" onmouseenter=\"\" href=\"#\" target=\"_self\"><i class=\"gem-print-icon gem-icon-pack-thegem-icons gem-icon-share \"><\/i><\/a><\/div> <div class=\"sharing-popup\"> <div class=\"socials-sharing socials socials-colored-hover\"> <a class=\"socials-item\" target=\"_blank\" href=\"https:\/\/www.facebook.com\/sharer\/sharer.php?u=https%3A%2F%2Ffriportsur.com%2Ffr%2F2022%2F11%2F09%2Fla-ceremonie-de-pose-de-la-premiere-pierre-de-friportsur-marque-le-debut-des-travaux-de-la-plateforme-logistique-du-froid-dans-le-port-de-huelva%2F\" title=\"Facebook\"><i class=\"socials-item-icon facebook\"><\/i><\/a> <a class=\"socials-item\" target=\"_blank\" href=\"https:\/\/twitter.com\/intent\/tweet?text=La+c%C3%A9r%C3%A9monie+de+pose+de+la+premi%C3%A8re+pierre+de+friportsur+marque+le+d%C3%A9but+des+travaux+de+la+plateforme+logistique+du+froid+dans+le+port+de+huelva&#038;url=https%3A%2F%2Ffriportsur.com%2Ffr%2F2022%2F11%2F09%2Fla-ceremonie-de-pose-de-la-premiere-pierre-de-friportsur-marque-le-debut-des-travaux-de-la-plateforme-logistique-du-froid-dans-le-port-de-huelva%2F\" title=\"Twitter\"><i class=\"socials-item-icon twitter\"><\/i><\/a> <a class=\"socials-item\" target=\"_blank\" href=\"https:\/\/pinterest.com\/pin\/create\/button\/?url=https%3A%2F%2Ffriportsur.com%2Ffr%2F2022%2F11%2F09%2Fla-ceremonie-de-pose-de-la-premiere-pierre-de-friportsur-marque-le-debut-des-travaux-de-la-plateforme-logistique-du-froid-dans-le-port-de-huelva%2F&#038;description=La+c%C3%A9r%C3%A9monie+de+pose+de+la+premi%C3%A8re+pierre+de+friportsur+marque+le+d%C3%A9but+des+travaux+de+la+plateforme+logistique+du+froid+dans+le+port+de+huelva\" title=\"Pinterest\"><i class=\"socials-item-icon pinterest\"><\/i><\/a> <a class=\"socials-item\" target=\"_blank\" href=\"http:\/\/tumblr.com\/widgets\/share\/tool?canonicalUrl=https%3A%2F%2Ffriportsur.com%2Ffr%2F2022%2F11%2F09%2Fla-ceremonie-de-pose-de-la-premiere-pierre-de-friportsur-marque-le-debut-des-travaux-de-la-plateforme-logistique-du-froid-dans-le-port-de-huelva%2F\" title=\"Tumblr\"><i class=\"socials-item-icon tumblr\"><\/i><\/a> <a class=\"socials-item\" target=\"_blank\" href=\"https:\/\/www.linkedin.com\/shareArticle?mini=true&#038;url=https%3A%2F%2Ffriportsur.com%2Ffr%2F2022%2F11%2F09%2Fla-ceremonie-de-pose-de-la-premiere-pierre-de-friportsur-marque-le-debut-des-travaux-de-la-plateforme-logistique-du-froid-dans-le-port-de-huelva%2F&#038;title=La+c%C3%A9r%C3%A9monie+de+pose+de+la+premi%C3%A8re+pierre+de+friportsur+marque+le+d%C3%A9but+des+travaux+de+la+plateforme+logistique+du+froid+dans+le+port+de+huelva&amp;summary=%5Bvc_row%5D%5Bvc_column%5D%5Bvc_column_text%5D09%2F11%2F2022+FRIPORTSUR+INVESTIT+34%C2%A0MILLIONS+DANS+LA+PLATEFORME+LOGISTIQUE+DU+FROID+DU+PORT+DE+HUELVA+AVEC+LE+SOUTIEN+DE+LA+JUNTE...\" title=\"LinkedIn\"><i class=\"socials-item-icon linkedin\"><\/i><\/a> <a class=\"socials-item\" target=\"_blank\" href=\"https:\/\/www.reddit.com\/submit?url=https%3A%2F%2Ffriportsur.com%2Ffr%2F2022%2F11%2F09%2Fla-ceremonie-de-pose-de-la-premiere-pierre-de-friportsur-marque-le-debut-des-travaux-de-la-plateforme-logistique-du-froid-dans-le-port-de-huelva%2F&#038;title=La+c%C3%A9r%C3%A9monie+de+pose+de+la+premi%C3%A8re+pierre+de+friportsur+marque+le+d%C3%A9but+des+travaux+de+la+plateforme+logistique+du+froid+dans+le+port+de+huelva\" title=\"Reddit\"><i class=\"socials-item-icon reddit\"><\/i><\/a> <\/div> <svg class=\"sharing-styled-arrow\"><use xlink:href=\"https:\/\/friportsur.com\/wp-content\/themes\/thegem\/css\/post-arrow.svg#dec-post-arrow\"><\/use><\/svg><\/div><\/div> <div class=\"post-read-more\"><div class=\"gem-button-container gem-button-position-inline thegem-button-69eb7a23dc1d51990\" ><a class=\"gem-button gem-button-size-tiny gem-button-style-outline gem-button-text-weight-normal gem-button-border-2\" data-ll-effect=\"drop-right-without-wrap\" style=\"border-radius: 3px;\" onmouseleave=\"\" onmouseenter=\"\" href=\"https:\/\/friportsur.com\/fr\/2022\/11\/09\/la-ceremonie-de-pose-de-la-premiere-pierre-de-friportsur-marque-le-debut-des-travaux-de-la-plateforme-logistique-du-froid-dans-le-port-de-huelva\/\" target=\"_self\">Read More<\/a><\/div> <\/div> <\/div> <\/div> <\/article> <article id=\"post-2950\" class=\"no-image col-lg-4 col-md-4 col-sm-6 col-xs-6 item-animations-not-inited post-2950 post type-post status-publish format-standard category-non-classifiee tag-almacenaje-fr tag-congelacion-fr tag-frigorificos-portuarios-del-sur-fr tag-frio-sostenible-fr tag-froid tag-hub-logisitico-del-frio-fr tag-hub-logistico-fr tag-pose-de-la-premiere-pierre tag-puerto-de-huelva-fr tag-regasificacion-fr tag-sector-agroalimentario-fr\"> <div class=\"description\"> <div class=\"post-meta-conteiner\"> <div class=\"post-meta-right\"> <\/div> <\/div> <div class=\"post-title\"> <div class=\"entry-title title-h4\"><a href=\"https:\/\/friportsur.com\/fr\/2022\/10\/06\/frigorificos-portuarios-del-sur-investit-34-me-dans-la-plateforme-logistique-du-froid-a-huelva\/\" rel=\"bookmark\">06 Oct: <span class=\"light\">\u00ab FRIGOR\u00cdFICOS PORTUARIOS DEL SUR \u00bb INVESTIT 34 M\u20ac DANS LA PLATEFORME LOGISTIQUE DU FROID \u00c0 HUELVA<\/span><\/a><\/div> <\/div> <div class=\"post-text\"> <div class=\"summary\"> <p>06\/10\/2022 LA PR\u00c9SENTATION OFFICIELLE DE LA PLATEFORME LOGISTIQUE DU FROID POUR MARCHANDISES \u00c0 TEMP\u00c9RATURE CONTR\u00d4L\u00c9E A EU LIEU CE MERCREDI&#8230;<\/p> <\/div> <\/div> <div class=\"info clearfix\"> <div class=\"post-footer-sharing\"><div class=\"gem-button-container gem-button-position-inline thegem-button-69eb7a23ddb3b18\" ><a class=\"gem-button gem-button-size-tiny gem-button-style-flat gem-button-text-weight-normal gem-button-empty\" data-ll-effect=\"drop-right-without-wrap\" style=\"border-radius: 3px;\" onmouseleave=\"\" onmouseenter=\"\" href=\"#\" target=\"_self\"><i class=\"gem-print-icon gem-icon-pack-thegem-icons gem-icon-share \"><\/i><\/a><\/div> <div class=\"sharing-popup\"> <div class=\"socials-sharing socials socials-colored-hover\"> <a class=\"socials-item\" target=\"_blank\" href=\"https:\/\/www.facebook.com\/sharer\/sharer.php?u=https%3A%2F%2Ffriportsur.com%2Ffr%2F2022%2F10%2F06%2Ffrigorificos-portuarios-del-sur-investit-34-me-dans-la-plateforme-logistique-du-froid-a-huelva%2F\" title=\"Facebook\"><i class=\"socials-item-icon facebook\"><\/i><\/a> <a class=\"socials-item\" target=\"_blank\" href=\"https:\/\/twitter.com\/intent\/tweet?text=%C2%AB+FRIGOR%C3%8DFICOS+PORTUARIOS+DEL+SUR+%C2%BB+INVESTIT+34+M%E2%82%AC+DANS+LA+PLATEFORME+LOGISTIQUE+DU+FROID+%C3%80+HUELVA&#038;url=https%3A%2F%2Ffriportsur.com%2Ffr%2F2022%2F10%2F06%2Ffrigorificos-portuarios-del-sur-investit-34-me-dans-la-plateforme-logistique-du-froid-a-huelva%2F\" title=\"Twitter\"><i class=\"socials-item-icon twitter\"><\/i><\/a> <a class=\"socials-item\" target=\"_blank\" href=\"https:\/\/pinterest.com\/pin\/create\/button\/?url=https%3A%2F%2Ffriportsur.com%2Ffr%2F2022%2F10%2F06%2Ffrigorificos-portuarios-del-sur-investit-34-me-dans-la-plateforme-logistique-du-froid-a-huelva%2F&#038;description=%C2%AB+FRIGOR%C3%8DFICOS+PORTUARIOS+DEL+SUR+%C2%BB+INVESTIT+34+M%E2%82%AC+DANS+LA+PLATEFORME+LOGISTIQUE+DU+FROID+%C3%80+HUELVA\" title=\"Pinterest\"><i class=\"socials-item-icon pinterest\"><\/i><\/a> <a class=\"socials-item\" target=\"_blank\" href=\"http:\/\/tumblr.com\/widgets\/share\/tool?canonicalUrl=https%3A%2F%2Ffriportsur.com%2Ffr%2F2022%2F10%2F06%2Ffrigorificos-portuarios-del-sur-investit-34-me-dans-la-plateforme-logistique-du-froid-a-huelva%2F\" title=\"Tumblr\"><i class=\"socials-item-icon tumblr\"><\/i><\/a> <a class=\"socials-item\" target=\"_blank\" href=\"https:\/\/www.linkedin.com\/shareArticle?mini=true&#038;url=https%3A%2F%2Ffriportsur.com%2Ffr%2F2022%2F10%2F06%2Ffrigorificos-portuarios-del-sur-investit-34-me-dans-la-plateforme-logistique-du-froid-a-huelva%2F&#038;title=%C2%AB+FRIGOR%C3%8DFICOS+PORTUARIOS+DEL+SUR+%C2%BB+INVESTIT+34+M%E2%82%AC+DANS+LA+PLATEFORME+LOGISTIQUE+DU+FROID+%C3%80+HUELVA&amp;summary=06%2F10%2F2022+LA+PR%C3%89SENTATION+OFFICIELLE+DE+LA+PLATEFORME+LOGISTIQUE+DU+FROID+POUR+MARCHANDISES+%C3%80+TEMP%C3%89RATURE+CONTR%C3%94L%C3%89E+A+EU+LIEU+CE+MERCREDI...\" title=\"LinkedIn\"><i class=\"socials-item-icon linkedin\"><\/i><\/a> <a class=\"socials-item\" target=\"_blank\" href=\"https:\/\/www.reddit.com\/submit?url=https%3A%2F%2Ffriportsur.com%2Ffr%2F2022%2F10%2F06%2Ffrigorificos-portuarios-del-sur-investit-34-me-dans-la-plateforme-logistique-du-froid-a-huelva%2F&#038;title=%C2%AB+FRIGOR%C3%8DFICOS+PORTUARIOS+DEL+SUR+%C2%BB+INVESTIT+34+M%E2%82%AC+DANS+LA+PLATEFORME+LOGISTIQUE+DU+FROID+%C3%80+HUELVA\" title=\"Reddit\"><i class=\"socials-item-icon reddit\"><\/i><\/a> <\/div> <svg class=\"sharing-styled-arrow\"><use xlink:href=\"https:\/\/friportsur.com\/wp-content\/themes\/thegem\/css\/post-arrow.svg#dec-post-arrow\"><\/use><\/svg><\/div><\/div> <div class=\"post-read-more\"><div class=\"gem-button-container gem-button-position-inline thegem-button-69eb7a23de8822343\" ><a class=\"gem-button gem-button-size-tiny gem-button-style-outline gem-button-text-weight-normal gem-button-border-2\" data-ll-effect=\"drop-right-without-wrap\" style=\"border-radius: 3px;\" onmouseleave=\"\" onmouseenter=\"\" href=\"https:\/\/friportsur.com\/fr\/2022\/10\/06\/frigorificos-portuarios-del-sur-investit-34-me-dans-la-plateforme-logistique-du-froid-a-huelva\/\" target=\"_self\">Read More<\/a><\/div> <\/div> <\/div> <\/div> <\/article> <article id=\"post-2952\" class=\"no-image col-lg-4 col-md-4 col-sm-6 col-xs-6 item-animations-not-inited post-2952 post type-post status-publish format-standard category-non-classifiee tag-almacenaje-fr tag-congelacion-fr tag-frigorificos-portuarios-del-sur-fr tag-frio-sostenible-fr tag-friportsur-fr tag-froid tag-hub-logistico-fr tag-puerto-de-huelva-fr tag-regasificacion-fr tag-sector-agroalimentario-fr\"> <div class=\"description\"> <div class=\"post-meta-conteiner\"> <div class=\"post-meta-right\"> <\/div> <\/div> <div class=\"post-title\"> <div class=\"entry-title title-h4\"><a href=\"https:\/\/friportsur.com\/fr\/2022\/07\/09\/la-plateforme-logistique-du-froid-durable-un-soutien-important-au-secteur-agro-alimentaire-de-huelva\/\" rel=\"bookmark\">09 Juil: <span class=\"light\">LA PLATEFORME LOGISTIQUE DU FROID DURABLE, UN SOUTIEN IMPORTANT AU SECTEUR AGRO-ALIMENTAIRE DE HUELVA.<\/span><\/a><\/div> <\/div> <div class=\"post-text\"> <div class=\"summary\"> <p>09\/07\/2022 L\u2019INITIATIVE INNOVANTE DE LA PLATEFORME LOGISTIQUE DU FROID DURABLE MEN\u00c9E PAR L\u2019ENTREPRISE FRIGOR\u00cdFICOS\u00a0PORTUARIOS\u00a0DEL\u00a0SUR, UN SOUTIEN IMPORTANT AU SECTEUR AGRO-ALIMENTAIRE&#8230;<\/p> <\/div> <\/div> <div class=\"info clearfix\"> <div class=\"post-footer-sharing\"><div class=\"gem-button-container gem-button-position-inline thegem-button-69eb7a23dfeee5772\" ><a class=\"gem-button gem-button-size-tiny gem-button-style-flat gem-button-text-weight-normal gem-button-empty\" data-ll-effect=\"drop-right-without-wrap\" style=\"border-radius: 3px;\" onmouseleave=\"\" onmouseenter=\"\" href=\"#\" target=\"_self\"><i class=\"gem-print-icon gem-icon-pack-thegem-icons gem-icon-share \"><\/i><\/a><\/div> <div class=\"sharing-popup\"> <div class=\"socials-sharing socials socials-colored-hover\"> <a class=\"socials-item\" target=\"_blank\" href=\"https:\/\/www.facebook.com\/sharer\/sharer.php?u=https%3A%2F%2Ffriportsur.com%2Ffr%2F2022%2F07%2F09%2Fla-plateforme-logistique-du-froid-durable-un-soutien-important-au-secteur-agro-alimentaire-de-huelva%2F\" title=\"Facebook\"><i class=\"socials-item-icon facebook\"><\/i><\/a> <a class=\"socials-item\" target=\"_blank\" href=\"https:\/\/twitter.com\/intent\/tweet?text=LA+PLATEFORME+LOGISTIQUE+DU+FROID+DURABLE%2C+UN+SOUTIEN+IMPORTANT+AU+SECTEUR+AGRO-ALIMENTAIRE+DE+HUELVA.&#038;url=https%3A%2F%2Ffriportsur.com%2Ffr%2F2022%2F07%2F09%2Fla-plateforme-logistique-du-froid-durable-un-soutien-important-au-secteur-agro-alimentaire-de-huelva%2F\" title=\"Twitter\"><i class=\"socials-item-icon twitter\"><\/i><\/a> <a class=\"socials-item\" target=\"_blank\" href=\"https:\/\/pinterest.com\/pin\/create\/button\/?url=https%3A%2F%2Ffriportsur.com%2Ffr%2F2022%2F07%2F09%2Fla-plateforme-logistique-du-froid-durable-un-soutien-important-au-secteur-agro-alimentaire-de-huelva%2F&#038;description=LA+PLATEFORME+LOGISTIQUE+DU+FROID+DURABLE%2C+UN+SOUTIEN+IMPORTANT+AU+SECTEUR+AGRO-ALIMENTAIRE+DE+HUELVA.\" title=\"Pinterest\"><i class=\"socials-item-icon pinterest\"><\/i><\/a> <a class=\"socials-item\" target=\"_blank\" href=\"http:\/\/tumblr.com\/widgets\/share\/tool?canonicalUrl=https%3A%2F%2Ffriportsur.com%2Ffr%2F2022%2F07%2F09%2Fla-plateforme-logistique-du-froid-durable-un-soutien-important-au-secteur-agro-alimentaire-de-huelva%2F\" title=\"Tumblr\"><i class=\"socials-item-icon tumblr\"><\/i><\/a> <a class=\"socials-item\" target=\"_blank\" href=\"https:\/\/www.linkedin.com\/shareArticle?mini=true&#038;url=https%3A%2F%2Ffriportsur.com%2Ffr%2F2022%2F07%2F09%2Fla-plateforme-logistique-du-froid-durable-un-soutien-important-au-secteur-agro-alimentaire-de-huelva%2F&#038;title=LA+PLATEFORME+LOGISTIQUE+DU+FROID+DURABLE%2C+UN+SOUTIEN+IMPORTANT+AU+SECTEUR+AGRO-ALIMENTAIRE+DE+HUELVA.&amp;summary=09%2F07%2F2022+L%E2%80%99INITIATIVE+INNOVANTE+DE+LA+PLATEFORME+LOGISTIQUE+DU+FROID+DURABLE+MEN%C3%89E+PAR+L%E2%80%99ENTREPRISE+FRIGOR%C3%8DFICOS%C2%A0PORTUARIOS%C2%A0DEL%C2%A0SUR%2C+UN+SOUTIEN+IMPORTANT+AU+SECTEUR+AGRO-ALIMENTAIRE...\" title=\"LinkedIn\"><i class=\"socials-item-icon linkedin\"><\/i><\/a> <a class=\"socials-item\" target=\"_blank\" href=\"https:\/\/www.reddit.com\/submit?url=https%3A%2F%2Ffriportsur.com%2Ffr%2F2022%2F07%2F09%2Fla-plateforme-logistique-du-froid-durable-un-soutien-important-au-secteur-agro-alimentaire-de-huelva%2F&#038;title=LA+PLATEFORME+LOGISTIQUE+DU+FROID+DURABLE%2C+UN+SOUTIEN+IMPORTANT+AU+SECTEUR+AGRO-ALIMENTAIRE+DE+HUELVA.\" title=\"Reddit\"><i class=\"socials-item-icon reddit\"><\/i><\/a> <\/div> <svg class=\"sharing-styled-arrow\"><use xlink:href=\"https:\/\/friportsur.com\/wp-content\/themes\/thegem\/css\/post-arrow.svg#dec-post-arrow\"><\/use><\/svg><\/div><\/div> <div class=\"post-read-more\"><div class=\"gem-button-container gem-button-position-inline thegem-button-69eb7a23e083c9010\" ><a class=\"gem-button gem-button-size-tiny gem-button-style-outline gem-button-text-weight-normal gem-button-border-2\" data-ll-effect=\"drop-right-without-wrap\" style=\"border-radius: 3px;\" onmouseleave=\"\" onmouseenter=\"\" href=\"https:\/\/friportsur.com\/fr\/2022\/07\/09\/la-plateforme-logistique-du-froid-durable-un-soutien-important-au-secteur-agro-alimentaire-de-huelva\/\" target=\"_self\">Read More<\/a><\/div> <\/div> <\/div> <\/div> <\/article> <\/div>[\/vc_column][\/vc_row]<\/p>\n","protected":false},"excerpt":{"rendered":"<p>[vc_row css=&#8221;.vc_custom_1671190277982{margin-top: 90px !important;}&#8221;][vc_column][\/vc_column][\/vc_row]<\/p>\n","protected":false},"author":1,"featured_media":0,"parent":0,"menu_order":0,"comment_status":"closed","ping_status":"closed","template":"","meta":{"footnotes":""},"class_list":["post-2931","page","type-page","status-publish"],"_links":{"self":[{"href":"https:\/\/friportsur.com\/fr\/wp-json\/wp\/v2\/pages\/2931","targetHints":{"allow":["GET"]}}],"collection":[{"href":"https:\/\/friportsur.com\/fr\/wp-json\/wp\/v2\/pages"}],"about":[{"href":"https:\/\/friportsur.com\/fr\/wp-json\/wp\/v2\/types\/page"}],"author":[{"embeddable":true,"href":"https:\/\/friportsur.com\/fr\/wp-json\/wp\/v2\/users\/1"}],"replies":[{"embeddable":true,"href":"https:\/\/friportsur.com\/fr\/wp-json\/wp\/v2\/comments?post=2931"}],"version-history":[{"count":3,"href":"https:\/\/friportsur.com\/fr\/wp-json\/wp\/v2\/pages\/2931\/revisions"}],"predecessor-version":[{"id":2934,"href":"https:\/\/friportsur.com\/fr\/wp-json\/wp\/v2\/pages\/2931\/revisions\/2934"}],"wp:attachment":[{"href":"https:\/\/friportsur.com\/fr\/wp-json\/wp\/v2\/media?parent=2931"}],"curies":[{"name":"wp","href":"https:\/\/api.w.org\/{rel}","templated":true}]}}