{"id":2925,"date":"2022-07-08T09:27:21","date_gmt":"2022-07-08T08:27:21","guid":{"rendered":"https:\/\/friportsur.com\/services\/"},"modified":"2024-09-12T12:26:29","modified_gmt":"2024-09-12T11:26:29","slug":"services","status":"publish","type":"page","link":"https:\/\/friportsur.com\/fr\/services\/","title":{"rendered":"SERVICES"},"content":{"rendered":"<p>[vc_row css=&#8221;.vc_custom_1657273355577{margin-bottom: 0px !important;}&#8221;][vc_column]<div class=\"clearboth\"><\/div><style>#thegem-divider-69eb7a22e437f {margin-top: -50px !important;}<\/style><div id=\"thegem-divider-69eb7a22e437f\" class=\"gem-divider  \" style=\"\" ><\/div><div id=\"fullwidth-block-69eb7a22e4435\" class=\"fullwidth-block clearfix\"  style=\"padding-top: 150px;padding-bottom: 90px;\"><script type=\"text\/javascript\">if (typeof(gem_fix_fullwidth_position) == \"function\") { gem_fix_fullwidth_position(document.getElementById(\"fullwidth-block-69eb7a22e4435\")); }<\/script><div class=\"fullwidth-block-inner\"><div class=\"container\">[vc_column_text css_animation=&#8221;bottom-to-top&#8221;]<\/p>\n<h1 style=\"text-align: center;\"><span class=\"light\" style=\"color: #46485c;\">SERVICE INT\u00c9GRAL<\/span><\/h1>\n<p>[\/vc_column_text]<div class=\"clearboth\"><\/div><style>#thegem-divider-69eb7a22e455c {margin-top: 70px !important;}<\/style><div id=\"thegem-divider-69eb7a22e455c\" class=\"gem-divider  \" style=\"\" ><\/div>[vc_separator color=&#8221;custom&#8221; border_width=&#8221;2&#8243; el_width=&#8221;20&#8243; css_animation=&#8221;bottom-to-top&#8221; accent_color=&#8221;#00bcd4&#8243;]<div class=\"clearboth\"><\/div><style>#thegem-divider-69eb7a22e459e {margin-top: 25px !important;}#thegem-divider-69eb7a22e459e {margin-bottom: 70px !important;}<\/style><div id=\"thegem-divider-69eb7a22e459e\" class=\"gem-divider  \" style=\"\" ><\/div>[vc_row_inner][vc_column_inner width=&#8221;1\/4&#8243;]<div class=\"gem-textbox \"  ><div class=\"gem-textbox-inner\" style=\"border-top-left-radius: 50px;border-top-right-radius: 50px;border-bottom-right-radius: 50px;\"><div class=\"gem-textbox-content\" style=\"background-color: #f4f6f7;background-image: url(https:\/\/friportsur.com\/wp-content\/uploads\/2022\/12\/servicios6-1.jpg);background-repeat: no-repeat; background-size: cover;background-position: left top;padding-top: 100px;padding-bottom: 100px;\"><\/div><\/div><\/div><div class=\"clearboth\"><\/div><style>#thegem-divider-69eb7a22e4ba2 {margin-top: 35px !important;}<\/style><div id=\"thegem-divider-69eb7a22e4ba2\" class=\"gem-divider  \" style=\"\" ><\/div>[vc_column_text css_animation=&#8221;bottom-to-top&#8221;]<\/p>\n<h5><span style=\"color: #46485c;\">STOCKAGE \u00c0 TEMP\u00c9RATURE CONTR\u00d4L\u00c9E<\/span><\/h5>\n<p>[\/vc_column_text][vc_column_text css_animation=&#8221;bottom-to-top&#8221;]Stockage des marchandises congel\u00e9es dans le silo autoportant automatis\u00e9 et des marchandises r\u00e9frig\u00e9r\u00e9es dans la chambre froide bi-temp\u00e9rature attenante.<br \/>\n[\/vc_column_text][\/vc_column_inner][vc_column_inner width=&#8221;1\/4&#8243;]<div class=\"gem-textbox \"  ><div class=\"gem-textbox-inner\" style=\"border-top-left-radius: 50px;border-top-right-radius: 50px;border-bottom-left-radius: 50px;\"><div class=\"gem-textbox-content\" style=\"background-color: #f4f6f7;background-image: url(https:\/\/friportsur.com\/wp-content\/uploads\/2022\/12\/servicios4-1.jpg);background-repeat: no-repeat; background-size: cover;background-position: left top;padding-top: 100px;padding-bottom: 100px;\"><\/div><\/div><\/div><div class=\"clearboth\"><\/div><style>#thegem-divider-69eb7a22e50fd {margin-top: 35px !important;}<\/style><div id=\"thegem-divider-69eb7a22e50fd\" class=\"gem-divider  \" style=\"\" ><\/div>[vc_column_text css_animation=&#8221;bottom-to-top&#8221;]<\/p>\n<h5><span style=\"color: #46485c;\">Cross-docking<\/span><\/h5>\n<p>[\/vc_column_text][vc_column_text css_animation=&#8221;bottom-to-top&#8221;]Groupage et d\u00e9groupage des marchandises dans les zones pr\u00e9vues \u00e0 ces fins.[\/vc_column_text][\/vc_column_inner][vc_column_inner width=&#8221;1\/4&#8243;]<div class=\"gem-textbox \"  ><div class=\"gem-textbox-inner\" style=\"border-top-left-radius: 50px;border-bottom-right-radius: 50px;border-bottom-left-radius: 50px;\"><div class=\"gem-textbox-content\" style=\"background-color: #f4f6f7;background-image: url(https:\/\/friportsur.com\/wp-content\/uploads\/2022\/12\/servicios7-1.jpg);background-repeat: no-repeat; background-size: cover;background-position: left top;padding-top: 100px;padding-bottom: 100px;\"><\/div><\/div><\/div><div class=\"clearboth\"><\/div><style>#thegem-divider-69eb7a22e564f {margin-top: 35px !important;}<\/style><div id=\"thegem-divider-69eb7a22e564f\" class=\"gem-divider  \" style=\"\" ><\/div>[vc_column_text css_animation=&#8221;bottom-to-top&#8221;]<\/p>\n<h5><span style=\"color: #46485c;\">CONG\u00c9LATION RAPIDE<\/span><\/h5>\n<p>[\/vc_column_text][vc_column_text css_animation=&#8221;bottom-to-top&#8221;]Nous mettrons \u00e0 la disposition de nos clients 4 tunnels de cong\u00e9lation statiques capables de congeler un camion de marchandises toutes les 24 heures.[\/vc_column_text][\/vc_column_inner][vc_column_inner width=&#8221;1\/4&#8243;]<div class=\"gem-textbox \"  ><div class=\"gem-textbox-inner\" style=\"border-top-right-radius: 50px;border-bottom-right-radius: 50px;border-bottom-left-radius: 50px;\"><div class=\"gem-textbox-content\" style=\"background-color: #f4f6f7;background-image: url(https:\/\/friportsur.com\/wp-content\/uploads\/2022\/12\/servicios5-1-scaled.jpg);background-repeat: no-repeat; background-size: cover;background-position: left top;padding-top: 100px;padding-bottom: 100px;\"><\/div><\/div><\/div><div class=\"clearboth\"><\/div><style>#thegem-divider-69eb7a22e5b84 {margin-top: 35px !important;}<\/style><div id=\"thegem-divider-69eb7a22e5b84\" class=\"gem-divider  \" style=\"\" ><\/div>[vc_column_text css_animation=&#8221;bottom-to-top&#8221;]<\/p>\n<h5><span style=\"color: #46485c;\">ZONES DE MANUTENTION D\u00c9DI\u00c9ES<\/span><\/h5>\n<p>[\/vc_column_text][vc_column_text css_animation=&#8221;bottom-to-top&#8221;]En fonction de leurs besoins, nous mettrons \u00e0 la disposition de nos clients diff\u00e9rentes zones de notre entrep\u00f4t pour effectuer les op\u00e9rations n\u00e9cessaires telles que : chargement et d\u00e9chargement de marchandises palettis\u00e9es, palettisation, \u00e9tiquetage, cerclage, nettoyage, contr\u00f4le qualit\u00e9 ou autres activit\u00e9s demand\u00e9es par les clients.[\/vc_column_text][\/vc_column_inner][\/vc_row_inner]<\/div><\/div><\/div>[\/vc_column][\/vc_row][vc_row full_width=&#8221;stretch_row_content_no_spaces&#8221;][vc_column]<div id=\"fullwidth-block-69eb7a22e6101\" class=\"fullwidth-block fullwidth-block-parallax-vertical clearfix\" data-mobile-parallax-enable=\"0\" style=\"padding-top: 100px;padding-bottom: 100px;\"><script type=\"text\/javascript\">if (typeof(gem_fix_fullwidth_position) == \"function\") { gem_fix_fullwidth_position(document.getElementById(\"fullwidth-block-69eb7a22e6101\")); }<\/script><div class=\"fullwidth-block-background\" style=\"background-image: url(https:\/\/friportsur.com\/wp-content\/uploads\/2022\/12\/compromiso.jpg);background-repeat: no-repeat; background-size: cover;background-position: center center;\"><\/div><div class=\"fullwidth-block-inner\"><div class=\"container\">[vc_row_inner][vc_column_inner width=&#8221;2\/3&#8243;][vc_column_text css_animation=&#8221;left-to-right&#8221;]<\/p>\n<h5 class=\"p1\"><span style=\"color: #ffffff;\">AFIN DE FOURNIR UN SERVICE COMPLET \u00c0 NOS FUTURS CLIENTS, NOUS SOMMES PR\u00caTS \u00c0 \u00c9TUDIER LES SERVICES QUI NE FIGURENT PAS DANS NOTRE CATALOGUE.<\/span><\/h5>\n<p>[\/vc_column_text][\/vc_column_inner][vc_column_inner width=&#8221;1\/3&#8243;]<div class=\"gem-button-container gem-button-position-center thegem-button-69eb7a22e62a15734    \"  ><a title=\"Contacto\" class=\"gem-button gem-button-size-medium gem-button-style-flat gem-button-text-weight-normal\" data-ll-effect=\"drop-right-without-wrap\" style=\"border-radius: 3px;background-color: #ffffff;color: #0d5188;\" onmouseleave=\"this.style.backgroundColor='#ffffff';this.style.color='#0d5188';\" onmouseenter=\"this.style.backgroundColor='#0d5188';this.style.color='#c4e5f2';\" href=\"https:\/\/friportsur.com\/contacto\/\" target=\"_self\">NOUS CONTACTER<\/a><\/div> [\/vc_column_inner][\/vc_row_inner]<\/div><\/div><\/div>[\/vc_column][\/vc_row]<\/p>\n","protected":false},"excerpt":{"rendered":"<p>[vc_row css=&#8221;.vc_custom_1657273355577{margin-bottom: 0px !important;}&#8221;][vc_column][\/vc_column][\/vc_row][vc_row full_width=&#8221;stretch_row_content_no_spaces&#8221;][vc_column][\/vc_column][\/vc_row]<\/p>\n","protected":false},"author":1,"featured_media":0,"parent":0,"menu_order":0,"comment_status":"closed","ping_status":"closed","template":"","meta":{"footnotes":""},"class_list":["post-2925","page","type-page","status-publish"],"_links":{"self":[{"href":"https:\/\/friportsur.com\/fr\/wp-json\/wp\/v2\/pages\/2925","targetHints":{"allow":["GET"]}}],"collection":[{"href":"https:\/\/friportsur.com\/fr\/wp-json\/wp\/v2\/pages"}],"about":[{"href":"https:\/\/friportsur.com\/fr\/wp-json\/wp\/v2\/types\/page"}],"author":[{"embeddable":true,"href":"https:\/\/friportsur.com\/fr\/wp-json\/wp\/v2\/users\/1"}],"replies":[{"embeddable":true,"href":"https:\/\/friportsur.com\/fr\/wp-json\/wp\/v2\/comments?post=2925"}],"version-history":[{"count":8,"href":"https:\/\/friportsur.com\/fr\/wp-json\/wp\/v2\/pages\/2925\/revisions"}],"predecessor-version":[{"id":3202,"href":"https:\/\/friportsur.com\/fr\/wp-json\/wp\/v2\/pages\/2925\/revisions\/3202"}],"wp:attachment":[{"href":"https:\/\/friportsur.com\/fr\/wp-json\/wp\/v2\/media?parent=2925"}],"curies":[{"name":"wp","href":"https:\/\/api.w.org\/{rel}","templated":true}]}}