{"id":2919,"date":"2022-07-05T10:54:17","date_gmt":"2022-07-05T09:54:17","guid":{"rendered":"https:\/\/friportsur.com\/installations\/"},"modified":"2023-02-08T10:31:12","modified_gmt":"2023-02-08T09:31:12","slug":"installations","status":"publish","type":"page","link":"https:\/\/friportsur.com\/fr\/installations\/","title":{"rendered":"INSTALLATIONS"},"content":{"rendered":"<p>[vc_row][vc_column]<div class=\"clearboth\"><\/div><style>#thegem-divider-69eb7a22d9c26 {margin-top: 120px !important;}<\/style><div id=\"thegem-divider-69eb7a22d9c26\" class=\"gem-divider  \" style=\"\" ><\/div>[vc_row_inner][vc_column_inner width=&#8221;1\/2&#8243;][vc_column_text css_animation=&#8221;left-to-right&#8221;]<\/p>\n<h1 style=\"text-align: left;\"><span style=\"color: #222222;\"><span class=\"light\">ENTREP\u00d4T<\/span> FRIGORIFIQUE<\/span><\/h1>\n<p>[\/vc_column_text]<div class=\"clearboth\"><\/div><style>#thegem-divider-69eb7a22d9ca4 {margin-top: 20px !important;}<\/style><div id=\"thegem-divider-69eb7a22d9ca4\" class=\"gem-divider  \" style=\"\" ><\/div>[vc_column_text css_animation=&#8221;left-to-right&#8221;]<\/p>\n<p class=\"p1\">Nos entrep\u00f4ts utilisent le froid \u00e9cologique d\u2019une partie du froid r\u00e9siduel g\u00e9n\u00e9r\u00e9 lors des processus de regaz\u00e9ification du gaz naturel de la centrale d\u2019Enag\u00e1s S.A., \u00e9galement situ\u00e9e dans le port. Une solution cl\u00e9 pour implanter nos activit\u00e9s dans le port de Huelva.<\/p>\n<p>[\/vc_column_text][\/vc_column_inner][vc_column_inner width=&#8221;1\/2&#8243;]<div class=\"gem-list gem-list-type-snowflake-style-2\" ><ul>\n<li class=\"p1\">32 500 m2 de parcelle.<\/li>\n<li class=\"p1\">180 000 m3 de stockage.<\/li>\n<li class=\"p1\">Silo autoportant automatis\u00e9 de 5 000 m2 de surface et de 32 m de hauteur, d\u2019une capacit\u00e9 de 24 000 palettes.<\/li>\n<li class=\"p1\">Chambre froide bi-temp\u00e9rature d\u2019une capacit\u00e9 de 2 000m2.<\/li>\n<li class=\"p1\">4 tunnels de cong\u00e9lation rapide.<\/li>\n<li class=\"p1\">Utilisation du GNL comme source d\u2019\u00e9nergie privil\u00e9gi\u00e9e.<\/li>\n<li class=\"p1\">Installation solaire photovolta\u00efque.<\/li>\n<li class=\"p1\">Zones de manutention et zones de travail d\u00e9di\u00e9es.<\/li>\n<\/ul>\n<\/div>[\/vc_column_inner][\/vc_row_inner]<div class=\"clearboth\"><\/div><style>#thegem-divider-69eb7a22d9dda {margin-top: 120px !important;}<\/style><div id=\"thegem-divider-69eb7a22d9dda\" class=\"gem-divider  \" style=\"\" ><\/div>[\/vc_column][\/vc_row][vc_row full_width=&#8221;stretch_row_content_no_spaces&#8221; content_placement=&#8221;middle&#8221; css=&#8221;.vc_custom_1657019039032{margin-bottom: 0px !important;}&#8221; el_class=&#8221;z-index&#8221;][vc_column]<div id=\"fullwidth-block-69eb7a22d9e34\" class=\"fullwidth-block clearfix\"  style=\"background-color: #ffffff;background: linear-gradient(to bottom, #0d5188, #dce9f2);padding-top: 105px;padding-bottom: 105px;\"><script type=\"text\/javascript\">if (typeof(gem_fix_fullwidth_position) == \"function\") { gem_fix_fullwidth_position(document.getElementById(\"fullwidth-block-69eb7a22d9e34\")); }<\/script><div class=\"fullwidth-block-inner\"><div class=\"container\">[vc_column_text css_animation=&#8221;bottom-to-top&#8221;]<\/p>\n<h1 style=\"text-align: center;\"><span style=\"color: #ffffff;\">HUB <span class=\"light\">LOGISTIQUE DU<\/span> FROID<\/span><\/h1>\n<p>[\/vc_column_text]<div class=\"clearboth\"><\/div><style>#thegem-divider-69eb7a22d9ec2 {margin-top: 10px !important;}<\/style><div id=\"thegem-divider-69eb7a22d9ec2\" class=\"gem-divider  \" style=\"\" ><\/div>[vc_column_text css_animation=&#8221;bottom-to-top&#8221; css=&#8221;.vc_custom_1657019166046{padding-right: 100px !important;padding-left: 100px !important;}&#8221;]<\/p>\n<p class=\"container\" style=\"text-align: center;\">\n<p>[\/vc_column_text][vc_row_inner][vc_column_inner width=&#8221;1\/6&#8243;][\/vc_column_inner][vc_column_inner width=&#8221;2\/3&#8243;][vc_column_text]<\/p>\n<p style=\"text-align: center;\"><span style=\"color: #ffffff;\">La plateforme logistique du froid du port de Huelva est un projet, qui s\u2019inscrit dans le cadre de la collaboration entre l\u2019autorit\u00e9 portuaire de Huelva et la soci\u00e9t\u00e9 Enag\u00e1s, pour l\u2019utilisation du froid r\u00e9siduel g\u00e9n\u00e9r\u00e9 lors des processus de regaz\u00e9ification. Ces processus, men\u00e9s dans la centrale d\u2019Enag\u00e1s de Huelva de gaz naturel liqu\u00e9fi\u00e9 (GNL), produisent du froid \u00e0 des temp\u00e9ratures allant jusqu\u2019\u00e0 -35 \u00b0C, qui peut \u00eatre utilis\u00e9 dans notre entrep\u00f4t, r\u00e9duisant ainsi consid\u00e9rablement les co\u00fbts \u00e9nerg\u00e9tiques.<\/span><\/p>\n<p>[\/vc_column_text][\/vc_column_inner][vc_column_inner width=&#8221;1\/6&#8243;][\/vc_column_inner][\/vc_row_inner]<\/div><\/div><div class=\"fullwidth-bottom-marker marker-direction-outside\"><svg width=\"140\" height=\"70\" style=\"fill: #ffffff\"><path d=\"M 0,0 Q 65,5 70,70 Q 75,5 140,0\" \/><\/svg><\/div><\/div>[\/vc_column][\/vc_row][vc_row full_width=&#8221;stretch_row&#8221; css=&#8221;.vc_custom_1670945145833{background-color: #ffffff !important;}&#8221;][vc_column css=&#8221;.vc_custom_1670944734934{background-color: #ffffff !important;}&#8221;]<div class=\"gem-image gem-wrapbox gem-wrapbox-style-default gem-interactions-enabled gem-wrapbox-position-below\" data-horizontal_scroll_enable=\"yes\" data-horizontal_scroll_speed=\"3\" data-disable_effects_mobile=\"disable\"   style=\"\"><div class=\"gem-wrapbox-inner \" ><a href=\"https:\/\/friportsur.com\/wp-content\/uploads\/2022\/12\/ALTA-2-VOLUMENES_3_friportsur-scaled.jpg\" class=\"fancybox\"><img decoding=\"async\" class=\"gem-wrapbox-element img-responsive\" src=\"https:\/\/friportsur.com\/wp-content\/uploads\/2022\/12\/ALTA-2-VOLUMENES_3_friportsur-scaled.jpg\" alt=\"\"\/><\/a><\/div><\/div><div class=\"clearboth\"><\/div><div id=\"thegem-divider-69eb7a22da52e\" class=\"gem-divider   gem-divider-style-3\" style=\"\" ><\/div><div id=\"fullwidth-block-69eb7a22dab76\" class=\"fullwidth-block fullwidth-block-parallax-vertical clearfix\" data-mobile-parallax-enable=\"0\" style=\"background-color: #ffffff;padding-top: 120px;padding-bottom: 60px;\"><script type=\"text\/javascript\">if (typeof(gem_fix_fullwidth_position) == \"function\") { gem_fix_fullwidth_position(document.getElementById(\"fullwidth-block-69eb7a22dab76\")); }<\/script><div class=\"fullwidth-block-background\" style=\"background-image: url(https:\/\/friportsur.com\/wp-content\/uploads\/2022\/12\/instalaciones4b.jpg);background-repeat: no-repeat; background-size: cover;background-position: center center;\"><\/div><div class=\"fullwidth-block-inner\"><div class=\"container\">[vc_row_inner][vc_column_inner width=&#8221;1\/2&#8243;][vc_column_text css_animation=&#8221;left-to-right&#8221;]<\/p>\n<h2><span style=\"color: #ffffff;\">INSTALLATION LOGISTIQUE DURABLE POUR LE TRANSIT DE MARCHANDISES R\u00c9FRIG\u00c9R\u00c9ES<\/span><\/h2>\n<p>[\/vc_column_text][\/vc_column_inner][vc_column_inner width=&#8221;1\/2&#8243;]<div class=\"gem-list gem-list-type-checkbox gem-list-color-12\" ><ul>\n<li><span style=\"color: #ffffff;\">R\u00e9duction significative des co\u00fbts \u00e9nerg\u00e9tiques<\/span><\/li>\n<li><span style=\"color: #ffffff;\">R\u00e9duction de 90 % des co\u00fbts environnementaux<\/span><\/li>\n<li><span style=\"color: #ffffff;\">Surface approximative : 35 000 m2 (extensible)<\/span><\/li>\n<li><span style=\"color: #ffffff;\">Acc\u00e8s direct au PCF<\/span><\/li>\n<li><span style=\"color: #ffffff;\">Acc\u00e8s direct au quai, sans d\u00e9placement vers les terminaux de conteneurs et Ro-Ro.<\/span><\/li>\n<li><span style=\"color: #ffffff;\">Synergies avec l\u2019expansion du futur terminal \u00e0 conteneurs de quai sud et du terminal Ro-Ro.<\/span><\/li>\n<li><span style=\"color: #ffffff;\">\u00c9volutivit\u00e9 des projets d\u2019implantation.<\/span><\/li>\n<li class=\"p1\"><span style=\"color: #ffffff;\"><b><\/b>Plage de temp\u00e9ratures allant de -35 \u00b0C \u00e0 un stockage \u00e0 froid positif<\/span><\/li>\n<\/ul>\n<\/div>[\/vc_column_inner][\/vc_row_inner]<\/div><\/div><\/div>[\/vc_column][\/vc_row]<\/p>\n","protected":false},"excerpt":{"rendered":"<p>[vc_row][vc_column][vc_row_inner][vc_column_inner width=&#8221;1\/2&#8243;][vc_column_text css_animation=&#8221;left-to-right&#8221;] ENTREP\u00d4T FRIGORIFIQUE [\/vc_column_text][vc_column_text css_animation=&#8221;left-to-right&#8221;] Nos entrep\u00f4ts utilisent le froid \u00e9cologique d\u2019une partie du froid r\u00e9siduel g\u00e9n\u00e9r\u00e9 lors&#8230;<\/p>\n","protected":false},"author":1,"featured_media":0,"parent":0,"menu_order":0,"comment_status":"closed","ping_status":"closed","template":"","meta":{"footnotes":""},"class_list":["post-2919","page","type-page","status-publish"],"_links":{"self":[{"href":"https:\/\/friportsur.com\/fr\/wp-json\/wp\/v2\/pages\/2919","targetHints":{"allow":["GET"]}}],"collection":[{"href":"https:\/\/friportsur.com\/fr\/wp-json\/wp\/v2\/pages"}],"about":[{"href":"https:\/\/friportsur.com\/fr\/wp-json\/wp\/v2\/types\/page"}],"author":[{"embeddable":true,"href":"https:\/\/friportsur.com\/fr\/wp-json\/wp\/v2\/users\/1"}],"replies":[{"embeddable":true,"href":"https:\/\/friportsur.com\/fr\/wp-json\/wp\/v2\/comments?post=2919"}],"version-history":[{"count":6,"href":"https:\/\/friportsur.com\/fr\/wp-json\/wp\/v2\/pages\/2919\/revisions"}],"predecessor-version":[{"id":2972,"href":"https:\/\/friportsur.com\/fr\/wp-json\/wp\/v2\/pages\/2919\/revisions\/2972"}],"wp:attachment":[{"href":"https:\/\/friportsur.com\/fr\/wp-json\/wp\/v2\/media?parent=2919"}],"curies":[{"name":"wp","href":"https:\/\/api.w.org\/{rel}","templated":true}]}}