{"id":2909,"date":"2022-07-05T10:14:40","date_gmt":"2022-07-05T09:14:40","guid":{"rendered":"https:\/\/friportsur.com\/engagement\/"},"modified":"2023-02-03T19:20:32","modified_gmt":"2023-02-03T18:20:32","slug":"engagement","status":"publish","type":"page","link":"https:\/\/friportsur.com\/fr\/engagement\/","title":{"rendered":"ENGAGEMENT"},"content":{"rendered":"<p>[vc_row css=&#8221;.vc_custom_1586773637372{margin-bottom: 0px !important;}&#8221;][vc_column]<div class=\"clearboth\"><\/div><style>#thegem-divider-69eb7a0a8aae7 {margin-top: 120px !important;}<\/style><div id=\"thegem-divider-69eb7a0a8aae7\" class=\"gem-divider  \" style=\"\" ><\/div>[vc_column_text css_animation=&#8221;bottom-to-top&#8221;]<\/p>\n<h1 style=\"text-align: center;\"><span style=\"color: #222222;\"><span class=\"light\">APPROCHE<\/span> DURABLE<\/span><\/h1>\n<p>[\/vc_column_text]<div class=\"clearboth\"><\/div><style>#thegem-divider-69eb7a0a8abba {margin-top: 20px !important;}<\/style><div id=\"thegem-divider-69eb7a0a8abba\" class=\"gem-divider  \" style=\"\" ><\/div>[vc_column_text css_animation=&#8221;bottom-to-top&#8221;]<\/p>\n<p style=\"text-align: center;\"><span style=\"color: #5f727f; position: relative; display: inline-block; max-width: 730px; margin: 0 auto;\">Nos activit\u00e9s se basent sur une approche durable ax\u00e9e sur l\u2019utilisation d\u2019\u00e9nergie alternatives pour r\u00e9duire la consommation d\u2019\u00e9nergie et l\u2019empreinte carbone. Cela non seulement dans le but de maintenir les marchandises \u00e0 une temp\u00e9rature contr\u00f4l\u00e9e et de les congeler, mais aussi de concentrer des activit\u00e9s de groupage et d\u00e9groupage des marchandises.<br \/>\n<\/span><\/p>\n<p>[\/vc_column_text]<div class=\"clearboth\"><\/div><style>#thegem-divider-69eb7a0a8ac1b {margin-top: 80px !important;}<\/style><div id=\"thegem-divider-69eb7a0a8ac1b\" class=\"gem-divider  \" style=\"\" ><\/div>[vc_row_inner el_class=&#8221;border-box&#8221;][vc_column_inner width=&#8221;1\/2&#8243; offset=&#8221;vc_col-lg-3 vc_col-md-3 vc_col-xs-12&#8243;]<div class=\"lazy-loading\" data-ll-item-delay=\"0\"><div class=\"gem-textbox  lazy-loading-item centered-box\"  data-ll-effect=\"move-up\" ><div class=\"gem-textbox-inner\" style=\"\"><div class=\"gem-textbox-content\" style=\"background-color: #f0f3f2;background-position: center top;\"><div class=\"clearboth\"><\/div><style>#thegem-divider-69eb7a0a8ad73 {margin-top: 30px !important;}<\/style><div id=\"thegem-divider-69eb7a0a8ad73\" class=\"gem-divider  \" style=\"\" ><\/div><div class=\"gem-image gem-wrapbox gem-wrapbox-style-default gem-wrapbox-position-below\"  style=\"width: 100px;height: 100px;\"><div class=\"gem-wrapbox-inner \" ><img decoding=\"async\" class=\"gem-wrapbox-element img-responsive\" src=\"https:\/\/friportsur.com\/wp-content\/uploads\/2022\/07\/placas_fotovoltaicas.png\" alt=\"plataforma de placas fotovoltaicas\"\/><\/div><\/div><div class=\"clearboth\"><\/div><style>#thegem-divider-69eb7a0a8b612 {margin-top: 40px !important;}<\/style><div id=\"thegem-divider-69eb7a0a8b612\" class=\"gem-divider  \" style=\"\" ><\/div>[vc_column_text]<\/p>\n<h6 style=\"text-align: center;\"><span style=\"color: #222222;\">\u00c9NERGIES RENOUVELABLES<\/span><\/h6>\n<p>[\/vc_column_text][vc_column_text]<\/p>\n<p style=\"text-align: center;\"><span style=\"color: #5f727f;\"> Le projet dispose d\u2019un syst\u00e8me photovolta\u00efque pour obtenir un apport suppl\u00e9mentaire de ressources \u00e9nerg\u00e9tiques.<\/span><\/p>\n<p>[\/vc_column_text]<\/div><\/div><div class=\"gem-textbox-bottom gem-textbox-bottom-shield\"><svg viewBox=\"0 0 1000 50\" preserveAspectRatio=\"none\" width=\"100%\" height=\"50\" style=\"fill: #f0f3f2;\"><path d=\"M 0,-0.5 500,50 1000,-0.5\" \/><\/svg><\/div><\/div><\/div>[\/vc_column_inner][vc_column_inner width=&#8221;1\/2&#8243; offset=&#8221;vc_col-lg-3 vc_col-md-3 vc_col-xs-12&#8243;]<div class=\"lazy-loading\" data-ll-item-delay=\"0\"><div class=\"gem-textbox  lazy-loading-item centered-box\"  data-ll-effect=\"move-up\" ><div class=\"gem-textbox-inner\" style=\"\"><div class=\"gem-textbox-content\" style=\"background-color: #f0f3f2;background-position: center top;\"><div class=\"clearboth\"><\/div><style>#thegem-divider-69eb7a0a8b70b {margin-top: 30px !important;}<\/style><div id=\"thegem-divider-69eb7a0a8b70b\" class=\"gem-divider  \" style=\"\" ><\/div><div class=\"gem-image gem-wrapbox gem-wrapbox-style-default gem-wrapbox-position-below\"  style=\"width: 100px;height: 100px;\"><div class=\"gem-wrapbox-inner \" ><img decoding=\"async\" class=\"gem-wrapbox-element img-responsive\" src=\"https:\/\/friportsur.com\/wp-content\/uploads\/2022\/07\/hidrogeno_ecolo\u0301gico.png\" alt=\"hidr\u00f3geno ecol\u00f3gico\"\/><\/div><\/div><div class=\"clearboth\"><\/div><style>#thegem-divider-69eb7a0a8bd2f {margin-top: 40px !important;}<\/style><div id=\"thegem-divider-69eb7a0a8bd2f\" class=\"gem-divider  \" style=\"\" ><\/div>[vc_column_text]<\/p>\n<h6 style=\"text-align: center;\"><span style=\"color: #222222;\">\u00c9CONOMIES D\u2019\u00c9NERGIE<\/span><\/h6>\n<p>[\/vc_column_text][vc_column_text]<\/p>\n<p style=\"text-align: center;\"><span style=\"color: #5f727f;\">Les panneaux solaires nous permettent de r\u00e9duire les co\u00fbts \u00e9nerg\u00e9tiques des bureaux et des entrep\u00f4ts.<br \/>\n<\/span><\/p>\n<p>[\/vc_column_text]<\/div><\/div><div class=\"gem-textbox-bottom gem-textbox-bottom-shield\"><svg viewBox=\"0 0 1000 50\" preserveAspectRatio=\"none\" width=\"100%\" height=\"50\" style=\"fill: #f0f3f2;\"><path d=\"M 0,-0.5 500,50 1000,-0.5\" \/><\/svg><\/div><\/div><\/div>[\/vc_column_inner][vc_column_inner width=&#8221;1\/2&#8243; offset=&#8221;vc_col-lg-3 vc_col-md-3 vc_col-xs-12&#8243;]<div class=\"lazy-loading\" data-ll-item-delay=\"0\"><div class=\"gem-textbox  lazy-loading-item centered-box\"  data-ll-effect=\"move-up\" ><div class=\"gem-textbox-inner\" style=\"\"><div class=\"gem-textbox-content\" style=\"background-color: #f0f3f2;background-position: center top;\"><div class=\"clearboth\"><\/div><style>#thegem-divider-69eb7a0a8be70 {margin-top: 30px !important;}<\/style><div id=\"thegem-divider-69eb7a0a8be70\" class=\"gem-divider  \" style=\"\" ><\/div><div class=\"gem-image gem-wrapbox gem-wrapbox-style-default gem-wrapbox-position-below\"  style=\"width: 100px;height: 100px;\"><div class=\"gem-wrapbox-inner \" ><img decoding=\"async\" class=\"gem-wrapbox-element img-responsive\" src=\"https:\/\/friportsur.com\/wp-content\/uploads\/2022\/07\/respeto_medioambiente.png\" alt=\"respeto al medioambiente\"\/><\/div><\/div><div class=\"clearboth\"><\/div><style>#thegem-divider-69eb7a0a8c5ae {margin-top: 40px !important;}<\/style><div id=\"thegem-divider-69eb7a0a8c5ae\" class=\"gem-divider  \" style=\"\" ><\/div>[vc_column_text]<\/p>\n<h6 style=\"text-align: center;\"><span style=\"color: #222222;\">DURABILIT\u00c9<\/span><\/h6>\n<p>[\/vc_column_text][vc_column_text]<\/p>\n<p style=\"text-align: center;\"><span style=\"color: #5f727f;\">Chaque d\u00e9tail de chaque processus est soigneusement con\u00e7u en int\u00e9grant des solutions durables afin de respecter l\u2019environnement et r\u00e9duire la pollution.<br \/>\n<\/span><\/p>\n<p>[\/vc_column_text]<\/div><\/div><div class=\"gem-textbox-bottom gem-textbox-bottom-shield\"><svg viewBox=\"0 0 1000 50\" preserveAspectRatio=\"none\" width=\"100%\" height=\"50\" style=\"fill: #f0f3f2;\"><path d=\"M 0,-0.5 500,50 1000,-0.5\" \/><\/svg><\/div><\/div><\/div>[\/vc_column_inner][vc_column_inner width=&#8221;1\/2&#8243; offset=&#8221;vc_col-lg-3 vc_col-md-3 vc_col-xs-12&#8243;]<div class=\"lazy-loading\" data-ll-item-delay=\"0\"><div class=\"gem-textbox  lazy-loading-item centered-box\"  data-ll-effect=\"move-up\" ><div class=\"gem-textbox-inner\" style=\"\"><div class=\"gem-textbox-content\" style=\"background-color: #f0f3f2;background-position: center top;\"><div class=\"clearboth\"><\/div><style>#thegem-divider-69eb7a0a8c715 {margin-top: 30px !important;}<\/style><div id=\"thegem-divider-69eb7a0a8c715\" class=\"gem-divider  \" style=\"\" ><\/div><div class=\"gem-image gem-wrapbox gem-wrapbox-style-default gem-wrapbox-position-below\"  style=\"width: 100px;height: 100px;\"><div class=\"gem-wrapbox-inner \" ><img decoding=\"async\" class=\"gem-wrapbox-element img-responsive\" src=\"https:\/\/friportsur.com\/wp-content\/uploads\/2022\/07\/compromiso_con_los_trabajadores.png\" alt=\"Compromiso con nuestros trabajadores\"\/><\/div><\/div><div class=\"clearboth\"><\/div><style>#thegem-divider-69eb7a0a8dbe1 {margin-top: 40px !important;}<\/style><div id=\"thegem-divider-69eb7a0a8dbe1\" class=\"gem-divider  \" style=\"\" ><\/div>[vc_column_text]<\/p>\n<h6 style=\"text-align: center;\"><span style=\"color: #222222;\">RESPONSABILIT\u00c9 SOCI\u00c9TALE<\/span><\/h6>\n<p>[\/vc_column_text][vc_column_text]<\/p>\n<p style=\"text-align: center;\"><span style=\"color: #5f727f;\"> Nous nous pr\u00e9occupons de nos employ\u00e9s, qui sont essentiels au succ\u00e8s de notre entreprise, et<\/span><span style=\"color: #5f727f;\">de nos clients, qui sont l\u2019\u00e9pine dorsale de nos activit\u00e9s.<br \/>\n<\/span><\/p>\n<p>[\/vc_column_text]<\/div><\/div><div class=\"gem-textbox-bottom gem-textbox-bottom-shield\"><svg viewBox=\"0 0 1000 50\" preserveAspectRatio=\"none\" width=\"100%\" height=\"50\" style=\"fill: #f0f3f2;\"><path d=\"M 0,-0.5 500,50 1000,-0.5\" \/><\/svg><\/div><\/div><\/div>[\/vc_column_inner][\/vc_row_inner]<div class=\"clearboth\"><\/div><style>#thegem-divider-69eb7a0a8dc9a {margin-top: 98px !important;}<\/style><div id=\"thegem-divider-69eb7a0a8dc9a\" class=\"gem-divider  \" style=\"\" ><\/div>[\/vc_column][\/vc_row][vc_row full_width=&#8221;stretch_row_content&#8221; equal_height=&#8221;yes&#8221; css=&#8221;.vc_custom_1548607481443{margin-bottom: 0px !important;}&#8221;][vc_column width=&#8221;1\/2&#8243; css=&#8221;.vc_custom_1657017562529{background-image: url(https:\/\/friportsur.com\/wp-content\/uploads\/2022\/07\/responsabilidad_social_corporativa_friportsur.jpg?id=2207) !important;background-position: center !important;background-repeat: no-repeat !important;background-size: cover !important;}&#8221;]<div class=\"clearboth\"><\/div><style>#thegem-divider-69eb7a0a8dce6 {margin-top: 500px !important;}<\/style><div id=\"thegem-divider-69eb7a0a8dce6\" class=\"gem-divider  \" style=\"\" ><\/div>[\/vc_column][vc_column width=&#8221;1\/2&#8243; disable_custom_paddings_tablet=&#8221;true&#8221; disable_custom_paddings_mobile=&#8221;true&#8221; css=&#8221;.vc_custom_1580723340558{margin-top: 0px !important;margin-bottom: 0px !important;padding-top: 0px !important;padding-right: 100px !important;padding-bottom: 0px !important;padding-left: 100px !important;background-color: #2c2e3d !important;}&#8221;]<div class=\"clearboth\"><\/div><style>#thegem-divider-69eb7a0a8dd29 {margin-top: 80px !important;}<\/style><div id=\"thegem-divider-69eb7a0a8dd29\" class=\"gem-divider  divider-hidden\" style=\"\" ><\/div>[vc_column_text css_animation=&#8221;none&#8221; css=&#8221;.vc_custom_1657017625144{margin-bottom: 70px !important;}&#8221;]<\/p>\n<h3 class=\"title-h2\"><span style=\"color: #ffffff;\">RESPONSABILIT\u00c9 SOCI\u00c9TALE<\/span><\/h3>\n<p>[\/vc_column_text]<div class=\"clearboth\"><\/div><style>#thegem-divider-69eb7a0a8dd68 {margin-top: 35px !important;}<\/style><div id=\"thegem-divider-69eb7a0a8dd68\" class=\"gem-divider  \" style=\"\" ><\/div>[vc_column_text]<\/p>\n<p class=\"p1\"><span style=\"color: #ffffff;\">Friportsur s\u2019engage pour l\u2019\u00e9cosyst\u00e8me dans lequel elle op\u00e8re, contribue et b\u00e9n\u00e9ficie \u00e0 travers la responsabilit\u00e9 sociale des entreprises (RSE), qui repose sur la gestion de l\u2019impact que nos activit\u00e9s peuvent avoir sur les clients, les employ\u00e9s, les actionnaires, les communaut\u00e9s locales, l\u2019environnement et la soci\u00e9t\u00e9 en g\u00e9n\u00e9ral.<\/span><\/p>\n<p>[\/vc_column_text]<div class=\"clearboth\"><\/div><style>#thegem-divider-69eb7a0a8dda1 {margin-top: 55px !important;}<\/style><div id=\"thegem-divider-69eb7a0a8dda1\" class=\"gem-divider  \" style=\"\" ><\/div><style type=\"text\/css\">.thegem-button-69eb7a0a8dee97456.lazy-loading-before-start-animation .lazy-loading-item {opacity: 0;} body.thegem-effects-disabled .thegem-button-69eb7a0a8dee97456.lazy-loading-before-start-animation .lazy-loading-item {opacity: 1;}<\/style><div class=\"gem-button-container gem-button-position-inline thegem-button-69eb7a0a8dee97456     lazy-loading lazy-loading-before-start-animation\"  ><a title=\"Contacto\" class=\"gem-button gem-button-size-small gem-button-style-flat gem-button-text-weight-normal lazy-loading-item\" data-ll-effect=\"drop-right-without-wrap\" style=\"border-radius: 6px;background-color: #0d5188;color: #ffffff;\" onmouseleave=\"this.style.backgroundColor='#0d5188';this.style.color='#ffffff';\" onmouseenter=\"this.style.backgroundColor='#ffffff';this.style.color='#0d5188';\" href=\"https:\/\/friportsur.com\/fr\/contact\/\" target=\"_self\">NOUS CONTACTER<\/a><\/div> <div class=\"clearboth\"><\/div><style>#thegem-divider-69eb7a0a8df7d {margin-top: 80px !important;}<\/style><div id=\"thegem-divider-69eb7a0a8df7d\" class=\"gem-divider  \" style=\"\" ><\/div>[\/vc_column][\/vc_row][vc_row full_width=&#8221;stretch_row_content&#8221; equal_height=&#8221;yes&#8221; content_placement=&#8221;middle&#8221; css=&#8221;.vc_custom_1586773203335{margin-bottom: 0px !important;}&#8221;][vc_column width=&#8221;1\/2&#8243; disable_custom_paddings_tablet=&#8221;true&#8221; disable_custom_paddings_mobile=&#8221;true&#8221; css=&#8221;.vc_custom_1580723349020{margin-top: 0px !important;margin-bottom: 0px !important;padding-top: 0px !important;padding-right: 100px !important;padding-bottom: 0px !important;padding-left: 100px !important;background-color: #f0f3f2 !important;}&#8221;]<div class=\"clearboth\"><\/div><style>#thegem-divider-69eb7a0a8dfe4 {margin-top: 100px !important;}<\/style><div id=\"thegem-divider-69eb7a0a8dfe4\" class=\"gem-divider  divider-hidden\" style=\"\" ><\/div>[vc_column_text css_animation=&#8221;none&#8221;]<\/p>\n<div class=\"styled-subtitle\">Une strat\u00e9gie con\u00e7ue pour apporter des solutions, des am\u00e9liorations, des aides et un soutien \u00e0 la soci\u00e9t\u00e9 par le biais d\u2019activit\u00e9s visant \u00e0 am\u00e9liorer la vie des employ\u00e9s, des clients, des actionnaires et de la soci\u00e9t\u00e9 en g\u00e9n\u00e9ral.<\/div>\n<p>[\/vc_column_text]<div class=\"clearboth\"><\/div><style>#thegem-divider-69eb7a0a8e01f {margin-top: 35px !important;}<\/style><div id=\"thegem-divider-69eb7a0a8e01f\" class=\"gem-divider  \" style=\"\" ><\/div><style type=\"text\/css\">.thegem-button-69eb7a0a8e0e58129.lazy-loading-before-start-animation .lazy-loading-item {opacity: 0;} body.thegem-effects-disabled .thegem-button-69eb7a0a8e0e58129.lazy-loading-before-start-animation .lazy-loading-item {opacity: 1;}<\/style><div class=\"gem-button-container gem-button-position-inline thegem-button-69eb7a0a8e0e58129     lazy-loading lazy-loading-before-start-animation\"  ><a title=\"Instalaciones\" class=\"gem-button gem-button-size-small gem-button-style-flat gem-button-text-weight-normal lazy-loading-item\" data-ll-effect=\"drop-right-without-wrap\" style=\"border-radius: 6px;background-color: #0d5188;color: #ffffff;\" onmouseleave=\"this.style.backgroundColor='#0d5188';this.style.color='#ffffff';\" onmouseenter=\"this.style.backgroundColor='#ffffff';this.style.color='#0d5188';\" href=\"https:\/\/friportsur.com\/fr\/installations\/\" target=\"_self\">VOIR INSTALLATIONS<\/a><\/div> <div class=\"clearboth\"><\/div><style>#thegem-divider-69eb7a0a8e14b {margin-top: 80px !important;}<\/style><div id=\"thegem-divider-69eb7a0a8e14b\" class=\"gem-divider  \" style=\"\" ><\/div>[\/vc_column][vc_column width=&#8221;1\/2&#8243; css=&#8221;.vc_custom_1670928708264{margin-top: 0px !important;margin-bottom: 0px !important;padding-top: 0px !important;padding-bottom: 0px !important;background-image: url(https:\/\/friportsur.com\/wp-content\/uploads\/2022\/12\/foto-web.jpg?id=2349) !important;background-position: center !important;background-repeat: no-repeat !important;background-size: cover !important;}&#8221;]<div class=\"clearboth\"><\/div><style>#thegem-divider-69eb7a0a8e185 {margin-top: 500px !important;}<\/style><div id=\"thegem-divider-69eb7a0a8e185\" class=\"gem-divider  \" style=\"\" ><\/div>[\/vc_column][\/vc_row][vc_row][vc_column width=&#8221;1\/6&#8243;]<div class=\"clearboth\"><\/div><style>#thegem-divider-69eb7a0a8e1bb {margin-top: 80px !important;}<\/style><div id=\"thegem-divider-69eb7a0a8e1bb\" class=\"gem-divider  \" style=\"\" ><\/div>[vc_column_text css=&#8221;.vc_custom_1670939596765{background-color: #eaeaea !important;}&#8221;][\/vc_column_text][\/vc_column][vc_column width=&#8221;4\/6&#8243;]<div class=\"clearboth\"><\/div><style>#thegem-divider-69eb7a0a8e1ee {margin-top: 80px !important;}<\/style><div id=\"thegem-divider-69eb7a0a8e1ee\" class=\"gem-divider  \" style=\"\" ><\/div>[vc_column_text]<\/p>\n<p style=\"text-align: center;\">L\u2019Agence pour l\u2019innovation et le d\u00e9veloppement d\u2019Andalousie (IDEA) a vers\u00e9 une incitation de 5 648 528,96 M\u20ac, cofinanc\u00e9e \u00e0 hauteur de 80 % par l\u2019Union europ\u00e9enne \u00e0 travers le fonds europ\u00e9en de d\u00e9veloppement r\u00e9gional (FEDER), pour la r\u00e9alisation du projet de la plateforme logistique du froid dans le but \u00ab de renforcer la comp\u00e9titivit\u00e9 du tissu entrepreneurial \u00bb.<\/p>\n<p>[\/vc_column_text][vc_column_text]<\/p>\n<p style=\"text-align: center;\"><img decoding=\"async\" class=\"alignnone wp-image-2312\" src=\"https:\/\/friportsur.com\/wp-content\/uploads\/2022\/10\/junta-andaluciab-300x212.jpg\" alt=\"\" width=\"189\" height=\"134\" srcset=\"https:\/\/friportsur.com\/wp-content\/uploads\/2022\/10\/junta-andaluciab-300x212.jpg 300w, https:\/\/friportsur.com\/wp-content\/uploads\/2022\/10\/junta-andaluciab-1024x723.jpg 1024w, https:\/\/friportsur.com\/wp-content\/uploads\/2022\/10\/junta-andaluciab-768x542.jpg 768w, https:\/\/friportsur.com\/wp-content\/uploads\/2022\/10\/junta-andaluciab-1536x1085.jpg 1536w, https:\/\/friportsur.com\/wp-content\/uploads\/2022\/10\/junta-andaluciab-2048x1447.jpg 2048w\" sizes=\"(max-width: 189px) 100vw, 189px\" \/> <img decoding=\"async\" class=\"wp-image-2311 alignnone\" src=\"https:\/\/friportsur.com\/wp-content\/uploads\/2022\/10\/Logotipo-UE-FEDER-300x258.jpg\" alt=\"\" width=\"149\" height=\"128\" srcset=\"https:\/\/friportsur.com\/wp-content\/uploads\/2022\/10\/Logotipo-UE-FEDER-300x258.jpg 300w, https:\/\/friportsur.com\/wp-content\/uploads\/2022\/10\/Logotipo-UE-FEDER-1024x882.jpg 1024w, https:\/\/friportsur.com\/wp-content\/uploads\/2022\/10\/Logotipo-UE-FEDER-768x662.jpg 768w, https:\/\/friportsur.com\/wp-content\/uploads\/2022\/10\/Logotipo-UE-FEDER-1536x1323.jpg 1536w, https:\/\/friportsur.com\/wp-content\/uploads\/2022\/10\/Logotipo-UE-FEDER.jpg 1748w\" sizes=\"(max-width: 149px) 100vw, 149px\" \/> <img decoding=\"async\" class=\"wp-image-2310 alignnone\" src=\"https:\/\/friportsur.com\/wp-content\/uploads\/2022\/10\/Logotipo-Andalucia-se-mueve-300x148.jpg\" alt=\"\" width=\"225\" height=\"111\" srcset=\"https:\/\/friportsur.com\/wp-content\/uploads\/2022\/10\/Logotipo-Andalucia-se-mueve-300x148.jpg 300w, https:\/\/friportsur.com\/wp-content\/uploads\/2022\/10\/Logotipo-Andalucia-se-mueve-1024x506.jpg 1024w, https:\/\/friportsur.com\/wp-content\/uploads\/2022\/10\/Logotipo-Andalucia-se-mueve-768x380.jpg 768w, https:\/\/friportsur.com\/wp-content\/uploads\/2022\/10\/Logotipo-Andalucia-se-mueve.jpg 1373w\" sizes=\"(max-width: 225px) 100vw, 225px\" \/><\/p>\n<p>[\/vc_column_text]<div class=\"clearboth\"><\/div><style>#thegem-divider-69eb7a0a8e21e {margin-top: 80px !important;}<\/style><div id=\"thegem-divider-69eb7a0a8e21e\" class=\"gem-divider  \" style=\"\" ><\/div>[\/vc_column][vc_column width=&#8221;1\/6&#8243;][\/vc_column][\/vc_row]<\/p>\n","protected":false},"excerpt":{"rendered":"<p>[vc_row css=&#8221;.vc_custom_1586773637372{margin-bottom: 0px !important;}&#8221;][vc_column][vc_column_text css_animation=&#8221;bottom-to-top&#8221;] APPROCHE DURABLE [\/vc_column_text][vc_column_text css_animation=&#8221;bottom-to-top&#8221;] Nos activit\u00e9s se basent sur une approche durable ax\u00e9e sur l\u2019utilisation&#8230;<\/p>\n","protected":false},"author":1,"featured_media":0,"parent":0,"menu_order":0,"comment_status":"closed","ping_status":"closed","template":"","meta":{"footnotes":""},"class_list":["post-2909","page","type-page","status-publish"],"_links":{"self":[{"href":"https:\/\/friportsur.com\/fr\/wp-json\/wp\/v2\/pages\/2909","targetHints":{"allow":["GET"]}}],"collection":[{"href":"https:\/\/friportsur.com\/fr\/wp-json\/wp\/v2\/pages"}],"about":[{"href":"https:\/\/friportsur.com\/fr\/wp-json\/wp\/v2\/types\/page"}],"author":[{"embeddable":true,"href":"https:\/\/friportsur.com\/fr\/wp-json\/wp\/v2\/users\/1"}],"replies":[{"embeddable":true,"href":"https:\/\/friportsur.com\/fr\/wp-json\/wp\/v2\/comments?post=2909"}],"version-history":[{"count":7,"href":"https:\/\/friportsur.com\/fr\/wp-json\/wp\/v2\/pages\/2909\/revisions"}],"predecessor-version":[{"id":2943,"href":"https:\/\/friportsur.com\/fr\/wp-json\/wp\/v2\/pages\/2909\/revisions\/2943"}],"wp:attachment":[{"href":"https:\/\/friportsur.com\/fr\/wp-json\/wp\/v2\/media?parent=2909"}],"curies":[{"name":"wp","href":"https:\/\/api.w.org\/{rel}","templated":true}]}}