{"id":2633,"date":"2022-07-05T10:54:17","date_gmt":"2022-07-05T09:54:17","guid":{"rendered":"https:\/\/friportsur.com\/facilities\/"},"modified":"2024-09-12T12:05:55","modified_gmt":"2024-09-12T11:05:55","slug":"facilities","status":"publish","type":"page","link":"https:\/\/friportsur.com\/en\/facilities\/","title":{"rendered":"FACILITIES"},"content":{"rendered":"<p>[vc_row][vc_column]<div class=\"clearboth\"><\/div><style>#thegem-divider-69eb7a36df52a {margin-top: 120px !important;}<\/style><div id=\"thegem-divider-69eb7a36df52a\" class=\"gem-divider  \" style=\"\" ><\/div>[vc_row_inner][vc_column_inner width=&#8221;1\/2&#8243;][vc_column_text css_animation=&#8221;left-to-right&#8221;]<\/p>\n<h1 style=\"text-align: left;\"><span style=\"color: #222222;\">COLD <span class=\"light\">STORE<\/span><\/span><\/h1>\n<p>[\/vc_column_text]<div class=\"clearboth\"><\/div><style>#thegem-divider-69eb7a36df58c {margin-top: 20px !important;}<\/style><div id=\"thegem-divider-69eb7a36df58c\" class=\"gem-divider  \" style=\"\" ><\/div>[vc_column_text css_animation=&#8221;left-to-right&#8221;]<\/p>\n<p class=\"p1\">Our warehouses benefit from eco-friendly cold using part of the waste generated by the natural gas regasification process at the Enag\u00e1s S.A. plant, also located in the port. This is a key solution for the implementation of our business in the Port of Huelva.<\/p>\n<p>[\/vc_column_text][\/vc_column_inner][vc_column_inner width=&#8221;1\/2&#8243;]<div class=\"gem-list gem-list-type-snowflake-style-2\" ><ul>\n<li class=\"p1\">32.525 m2 de parcela.<\/li>\n<li class=\"p1\">180.000 m3 de almacenaje.<\/li>\n<li class=\"p1\">Silo automatizado autoportante de 5.000 m2 de superficie y 32 m. de alto con capacidad para 24.000 palets.<\/li>\n<li class=\"p1\">C\u00e1mara bit\u00e9mpera con capacidad para 3.000 palets.<\/li>\n<li class=\"p1\">4 t\u00faneles de congelaci\u00f3n r\u00e1pida.<\/li>\n<li class=\"p1\">Uso del GNL como preferente fuente de energ\u00eda.<\/li>\n<li class=\"p1\">Instalaci\u00f3n solar fotovolt\u00e1ica.<\/li>\n<li class=\"p1\">\u00c1reas de manipulaci\u00f3n y zonas de trabajo dedicadas.<\/li>\n<\/ul>\n<\/div>[\/vc_column_inner][\/vc_row_inner]<div class=\"clearboth\"><\/div><style>#thegem-divider-69eb7a36df684 {margin-top: 120px !important;}<\/style><div id=\"thegem-divider-69eb7a36df684\" class=\"gem-divider  \" style=\"\" ><\/div>[\/vc_column][\/vc_row][vc_row full_width=&#8221;stretch_row_content_no_spaces&#8221; content_placement=&#8221;middle&#8221; css=&#8221;.vc_custom_1657019039032{margin-bottom: 0px !important;}&#8221; el_class=&#8221;z-index&#8221;][vc_column]<div id=\"fullwidth-block-69eb7a36df6d1\" class=\"fullwidth-block clearfix\"  style=\"background-color: #ffffff;background: linear-gradient(to bottom, #0d5188, #dce9f2);padding-top: 105px;padding-bottom: 105px;\"><script type=\"text\/javascript\">if (typeof(gem_fix_fullwidth_position) == \"function\") { gem_fix_fullwidth_position(document.getElementById(\"fullwidth-block-69eb7a36df6d1\")); }<\/script><div class=\"fullwidth-block-inner\"><div class=\"container\">[vc_column_text css_animation=&#8221;bottom-to-top&#8221;]<\/p>\n<h1 style=\"text-align: center;\"><span style=\"color: #ffffff;\">COLD <span class=\"light\">LOGISTICS<\/span> HUB<\/span><\/h1>\n<p>[\/vc_column_text]<div class=\"clearboth\"><\/div><style>#thegem-divider-69eb7a36df75c {margin-top: 10px !important;}<\/style><div id=\"thegem-divider-69eb7a36df75c\" class=\"gem-divider  \" style=\"\" ><\/div>[vc_column_text css_animation=&#8221;bottom-to-top&#8221; css=&#8221;.vc_custom_1657019166046{padding-right: 100px !important;padding-left: 100px !important;}&#8221;]<\/p>\n<p class=\"container\" style=\"text-align: center;\"><span style=\"color: #ffffff;\"> <\/span><\/p>\n<p>[\/vc_column_text][vc_row_inner][vc_column_inner width=&#8221;1\/6&#8243;][\/vc_column_inner][vc_column_inner width=&#8221;2\/3&#8243;][vc_column_text]<\/p>\n<p style=\"text-align: center;\"><span style=\"color: #ffffff;\">The Cold Logistics Hub of the Port of Huelva is a project encompassed within a framework of collaboration between the Port Authority of Huelva and the company Enag\u00e1s, whereby the residual cold generated during the regasification process is used. This process is carried out at the Enag\u00e1s plant in Huelva using Liquefied Natural Gas (LNG), by means of which cold production is achieved at temperatures as low as -35 \u00baC with considerable savings in energy costs, for the use of this cold in our warehouse.<\/span><\/p>\n<p>[\/vc_column_text][\/vc_column_inner][vc_column_inner width=&#8221;1\/6&#8243;][\/vc_column_inner][\/vc_row_inner]<\/div><\/div><div class=\"fullwidth-bottom-marker marker-direction-outside\"><svg width=\"140\" height=\"70\" style=\"fill: #ffffff\"><path d=\"M 0,0 Q 65,5 70,70 Q 75,5 140,0\" \/><\/svg><\/div><\/div>[\/vc_column][\/vc_row][vc_row full_width=&#8221;stretch_row&#8221; css=&#8221;.vc_custom_1670945145833{background-color: #ffffff !important;}&#8221;][vc_column css=&#8221;.vc_custom_1670944734934{background-color: #ffffff !important;}&#8221;]<div class=\"gem-image gem-wrapbox gem-wrapbox-style-default gem-interactions-enabled gem-wrapbox-position-below\" data-horizontal_scroll_enable=\"yes\" data-horizontal_scroll_speed=\"3\" data-disable_effects_mobile=\"disable\"   style=\"\"><div class=\"gem-wrapbox-inner \" ><a href=\"https:\/\/friportsur.com\/wp-content\/uploads\/2022\/12\/ALTA-2-VOLUMENES_3_friportsur-scaled.jpg\" class=\"fancybox\"><img decoding=\"async\" class=\"gem-wrapbox-element img-responsive\" src=\"https:\/\/friportsur.com\/wp-content\/uploads\/2022\/12\/ALTA-2-VOLUMENES_3_friportsur-scaled.jpg\" alt=\"\"\/><\/a><\/div><\/div><div class=\"clearboth\"><\/div><div id=\"thegem-divider-69eb7a36dfc56\" class=\"gem-divider   gem-divider-style-3\" style=\"\" ><\/div><div id=\"fullwidth-block-69eb7a36e01b1\" class=\"fullwidth-block fullwidth-block-parallax-vertical clearfix\" data-mobile-parallax-enable=\"0\" style=\"background-color: #ffffff;padding-top: 120px;padding-bottom: 60px;\"><script type=\"text\/javascript\">if (typeof(gem_fix_fullwidth_position) == \"function\") { gem_fix_fullwidth_position(document.getElementById(\"fullwidth-block-69eb7a36e01b1\")); }<\/script><div class=\"fullwidth-block-background\" style=\"background-image: url(https:\/\/friportsur.com\/wp-content\/uploads\/2022\/12\/instalaciones4b.jpg);background-repeat: no-repeat; background-size: cover;background-position: center center;\"><\/div><div class=\"fullwidth-block-inner\"><div class=\"container\">[vc_row_inner][vc_column_inner width=&#8221;1\/2&#8243;][vc_column_text css_animation=&#8221;left-to-right&#8221;]<\/p>\n<h2><span style=\"color: #ffffff;\">SUSTAINABLE LOGISTICS FACILITY FOR REFRIGERATED GOODS TRAFFIC<\/span><\/h2>\n<p>[\/vc_column_text][\/vc_column_inner][vc_column_inner width=&#8221;1\/2&#8243;]<div class=\"gem-list gem-list-type-checkbox gem-list-color-12\" ><ul>\n<li><span style=\"color: #ffffff;\">Importantes ahorros del coste energ\u00e9ticos<\/span><\/li>\n<li><span style=\"color: #ffffff;\">90% ahorro costes ambientales<\/span><\/li>\n<li><span style=\"color: #ffffff;\">\u00c1rea aproximada: 32.525 m2 (ampliable)<\/span><\/li>\n<li><span style=\"color: #ffffff;\">Acceso directo al PCF<\/span><\/li>\n<li><span style=\"color: #ffffff;\">Acceso directo al muelle, sin acarreos a las terminales de contenedores y Ro-Ro.<\/span><\/li>\n<li><span style=\"color: #ffffff;\">Sinergias con la ampliaci\u00f3n de la futura terminal de contenedores del Muelle Sur y de la terminal Ro-Ro.<\/span><\/li>\n<li><span style=\"color: #ffffff;\">Escalabilidad de Proyectos de implantaci\u00f3n.<\/span><\/li>\n<li class=\"p1\"><span style=\"color: #ffffff;\"><b><\/b>Rangos de temperatura desde -35\u00ba a fr\u00edo positivo de conservaci\u00f3n<\/span><\/li>\n<\/ul>\n<\/div>[\/vc_column_inner][\/vc_row_inner]<\/div><\/div><\/div>[\/vc_column][\/vc_row]<\/p>\n","protected":false},"excerpt":{"rendered":"<p>[vc_row][vc_column][vc_row_inner][vc_column_inner width=&#8221;1\/2&#8243;][vc_column_text css_animation=&#8221;left-to-right&#8221;] COLD STORE [\/vc_column_text][vc_column_text css_animation=&#8221;left-to-right&#8221;] Our warehouses benefit from eco-friendly cold using part of the waste generated by&#8230;<\/p>\n","protected":false},"author":1,"featured_media":0,"parent":0,"menu_order":0,"comment_status":"closed","ping_status":"closed","template":"","meta":{"footnotes":""},"class_list":["post-2633","page","type-page","status-publish"],"_links":{"self":[{"href":"https:\/\/friportsur.com\/en\/wp-json\/wp\/v2\/pages\/2633","targetHints":{"allow":["GET"]}}],"collection":[{"href":"https:\/\/friportsur.com\/en\/wp-json\/wp\/v2\/pages"}],"about":[{"href":"https:\/\/friportsur.com\/en\/wp-json\/wp\/v2\/types\/page"}],"author":[{"embeddable":true,"href":"https:\/\/friportsur.com\/en\/wp-json\/wp\/v2\/users\/1"}],"replies":[{"embeddable":true,"href":"https:\/\/friportsur.com\/en\/wp-json\/wp\/v2\/comments?post=2633"}],"version-history":[{"count":9,"href":"https:\/\/friportsur.com\/en\/wp-json\/wp\/v2\/pages\/2633\/revisions"}],"predecessor-version":[{"id":3187,"href":"https:\/\/friportsur.com\/en\/wp-json\/wp\/v2\/pages\/2633\/revisions\/3187"}],"wp:attachment":[{"href":"https:\/\/friportsur.com\/en\/wp-json\/wp\/v2\/media?parent=2633"}],"curies":[{"name":"wp","href":"https:\/\/api.w.org\/{rel}","templated":true}]}}